{"id":3,"date":"2023-10-23T10:34:52","date_gmt":"2023-10-23T10:34:52","guid":{"rendered":"http:\/\/ellyfarm.ro\/?page_id=3"},"modified":"2023-11-07T21:25:20","modified_gmt":"2023-11-07T21:25:20","slug":"politica-de-confidentialitate","status":"publish","type":"page","link":"https:\/\/ellyfarm.ro\/index.php\/politica-de-confidentialitate\/","title":{"rendered":"Politic\u0103 de confiden\u021bialitate"},"content":{"rendered":"\n<p><strong>Politica de Confiden\u021bialitate pentru Ellyfarm<\/strong><\/p>\n\n\n\n<p><strong>Introducere<\/strong><\/p>\n\n\n\n<p> Ellyfarm respect\u0103 confiden\u021bialitatea vizitatorilor site-ului nostru <a href=\"http:\/\/www.ellyfarm.ro\/\">www.ellyfarm.ro<\/a> \u0219i se angajeaz\u0103 s\u0103 protejeze datele personale colectate. Aceast\u0103 politic\u0103 explic\u0103 tipurile de informa\u021bii pe care le colect\u0103m de la vizitatori \u0219i cum sunt utilizate acestea.<\/p>\n\n\n\n<p><strong>Colectarea Datelor Personale<\/strong><\/p>\n\n\n\n<p>Putem colecta \u0219i procesa urm\u0103toarele date despre dumneavoastr\u0103:<\/p>\n\n\n\n<ul class=\"wp-block-list\">\n<li>Informa\u021bii pe care le furniza\u021bi prin completarea formularelor pe site-ul nostru. Acest lucru include informa\u021bii furnizate la \u00eenregistrare, abonare la serviciile noastre, postarea materialului sau solicitarea de servicii suplimentare.<\/li>\n\n\n\n<li>Dac\u0103 ne contacta\u021bi, putem p\u0103stra o \u00eenregistrare a coresponden\u021bei.<\/li>\n\n\n\n<li>Detalii ale vizitelor dumneavoastr\u0103 pe site-ul nostru \u0219i resursele la care accesa\u021bi.<\/li>\n<\/ul>\n\n\n\n<p><strong>Utilizarea Datelor <\/strong><\/p>\n\n\n\n<p>Utiliz\u0103m informa\u021biile colectate de la dumneavoastr\u0103 pentru a furniza servicii \u0219i func\u021bionalit\u0103\u021bi pe site-ul nostru \u0219i pentru a \u00eembun\u0103t\u0103\u021bi experien\u021ba dumneavoastr\u0103 de utilizare. De asemenea, putem utiliza informa\u021biile pentru:<\/p>\n\n\n\n<ul class=\"wp-block-list\">\n<li>A r\u0103spunde la \u00eentreb\u0103ri sau solicit\u0103ri.<\/li>\n\n\n\n<li>A v\u0103 furniza informa\u021bii despre produse sau servicii pe care le oferim, dac\u0103 a\u021bi consim\u021bit la acest lucru.<\/li>\n\n\n\n<li>A v\u0103 notifica despre schimb\u0103rile la serviciile noastre.<\/li>\n<\/ul>\n\n\n\n<p><strong>Divulgarea Informa\u021biilor Dumneavoastr\u0103<\/strong><\/p>\n\n\n\n<p>Nu vom vinde, distribui sau \u00eenchiria informa\u021biile dumneavoastr\u0103 personale unor ter\u021bi, cu excep\u021bia cazului \u00een care avem permisiunea dumneavoastr\u0103 sau suntem obliga\u021bi prin lege s\u0103 facem acest lucru.<\/p>\n\n\n\n<p><strong>Securitatea Datelor<\/strong> <\/p>\n\n\n\n<p>Ne angaj\u0103m s\u0103 asigur\u0103m c\u0103 informa\u021biile dumneavoastr\u0103 sunt \u00een siguran\u021b\u0103. Pentru a preveni accesul sau divulgarea neautorizat\u0103, am pus \u00een aplicare proceduri fizice, electronice \u0219i manageriale adecvate pentru a proteja \u0219i securiza informa\u021biile pe care le colect\u0103m online.<\/p>\n\n\n\n<p><strong>Drepturile Dumneavoastr\u0103 <\/strong><\/p>\n\n\n\n<p>Ave\u021bi dreptul de a solicita acces la datele personale pe care le de\u021binem despre dumneavoastr\u0103, de a solicita corectarea oric\u0103ror date incorecte sau de a solicita \u0219tergerea datelor personale, sub rezerva anumitor excep\u021bii.<\/p>\n\n\n\n<p><strong>Modific\u0103ri ale Politicii de Confiden\u021bialitate <\/strong><\/p>\n\n\n\n<p>Orice modific\u0103ri pe care le vom face la politica noastr\u0103 de confiden\u021bialitate \u00een viitor vor fi postate pe aceast\u0103 pagin\u0103 \u0219i, dac\u0103 este adecvat, v\u0103 vom notifica prin e-mail.<\/p>\n\n\n\n<p><strong>Contact<\/strong><\/p>\n\n\n\n<p> Pentru \u00eentreb\u0103ri, comentarii \u0219i solicit\u0103ri legate de aceast\u0103 politic\u0103 de confiden\u021bialitate, sunte\u021bi binevenit s\u0103 ne contacta\u021bi prin intermediul datelor de contact furnizate pe site-ul nostru.<\/p>\n\n\n\n<p>V\u0103 mul\u021bumim c\u0103 a\u021bi vizitat Ellyfarm.<\/p>\n","protected":false},"excerpt":{"rendered":"<p>Politica de Confiden\u021bialitate pentru Ellyfarm Introducere Ellyfarm respect\u0103 confiden\u021bialitatea vizitatorilor site-ului nostru www.ellyfarm.ro \u0219i se angajeaz\u0103 s\u0103 protejeze datele personale colectate. Aceast\u0103 politic\u0103 explic\u0103 tipurile de informa\u021bii pe care le colect\u0103m de la vizitatori \u0219i cum sunt utilizate acestea. Colectarea Datelor Personale Putem colecta \u0219i procesa urm\u0103toarele date despre dumneavoastr\u0103: Utilizarea Datelor Utiliz\u0103m informa\u021biile colectate [&hellip;]<\/p>\n","protected":false},"author":1,"featured_media":0,"parent":0,"menu_order":0,"comment_status":"closed","ping_status":"open","template":"","meta":{"_monsterinsights_skip_tracking":false,"_monsterinsights_sitenote_active":false,"_monsterinsights_sitenote_note":"","_monsterinsights_sitenote_category":0,"_uf_show_specific_survey":0,"_uf_disable_surveys":false,"_themeisle_gutenberg_block_has_review":false,"_ti_tpc_template_sync":false,"_ti_tpc_template_id":"","footnotes":""},"class_list":["post-3","page","type-page","status-publish","hentry"],"aioseo_notices":[],"_links":{"self":[{"href":"https:\/\/ellyfarm.ro\/index.php\/wp-json\/wp\/v2\/pages\/3","targetHints":{"allow":["GET"]}}],"collection":[{"href":"https:\/\/ellyfarm.ro\/index.php\/wp-json\/wp\/v2\/pages"}],"about":[{"href":"https:\/\/ellyfarm.ro\/index.php\/wp-json\/wp\/v2\/types\/page"}],"author":[{"embeddable":true,"href":"https:\/\/ellyfarm.ro\/index.php\/wp-json\/wp\/v2\/users\/1"}],"replies":[{"embeddable":true,"href":"https:\/\/ellyfarm.ro\/index.php\/wp-json\/wp\/v2\/comments?post=3"}],"version-history":[{"count":1,"href":"https:\/\/ellyfarm.ro\/index.php\/wp-json\/wp\/v2\/pages\/3\/revisions"}],"predecessor-version":[{"id":348,"href":"https:\/\/ellyfarm.ro\/index.php\/wp-json\/wp\/v2\/pages\/3\/revisions\/348"}],"wp:attachment":[{"href":"https:\/\/ellyfarm.ro\/index.php\/wp-json\/wp\/v2\/media?parent=3"}],"curies":[{"name":"wp","href":"https:\/\/api.w.org\/{rel}","templated":true}]}}